{"id":8710,"date":"2024-06-21T20:49:16","date_gmt":"2024-06-21T20:49:16","guid":{"rendered":"https:\/\/elausys1.elvirainfotech.live\/support\/"},"modified":"2024-12-10T15:49:08","modified_gmt":"2024-12-10T15:49:08","slug":"support","status":"publish","type":"page","link":"https:\/\/old.elausys.com\/fr\/support\/","title":{"rendered":"Support"},"content":{"rendered":"\t\t<div data-elementor-type=\"wp-page\" data-elementor-id=\"8710\" class=\"elementor elementor-8710 elementor-1885\" data-elementor-post-type=\"page\">\n\t\t\t\t<div class=\"elementor-element elementor-element-dd7e368 e-flex e-con-boxed e-con e-parent\" data-id=\"dd7e368\" data-element_type=\"container\" data-settings=\"{&quot;background_background&quot;:&quot;gradient&quot;}\">\n\t\t\t\t\t<div class=\"e-con-inner\">\n\t\t\t\t<div class=\"elementor-element elementor-element-fb393f2 animated-slow elementor-invisible elementor-widget elementor-widget-heading\" data-id=\"fb393f2\" data-element_type=\"widget\" data-settings=\"{&quot;_animation&quot;:&quot;fadeInLeft&quot;,&quot;_animation_delay&quot;:500}\" data-widget_type=\"heading.default\">\n\t\t\t\t<div class=\"elementor-widget-container\">\n\t\t\t<style>\/*! elementor - v3.23.0 - 05-08-2024 *\/\n.elementor-heading-title{padding:0;margin:0;line-height:1}.elementor-widget-heading .elementor-heading-title[class*=elementor-size-]>a{color:inherit;font-size:inherit;line-height:inherit}.elementor-widget-heading .elementor-heading-title.elementor-size-small{font-size:15px}.elementor-widget-heading .elementor-heading-title.elementor-size-medium{font-size:19px}.elementor-widget-heading .elementor-heading-title.elementor-size-large{font-size:29px}.elementor-widget-heading .elementor-heading-title.elementor-size-xl{font-size:39px}.elementor-widget-heading .elementor-heading-title.elementor-size-xxl{font-size:59px}<\/style><h3 class=\"elementor-heading-title elementor-size-default\">Support<\/h3>\t\t<\/div>\n\t\t\t\t<\/div>\n\t\t\t\t\t<\/div>\n\t\t\t\t<\/div>\n\t\t<div class=\"elementor-element elementor-element-66a0a5d e-flex e-con-boxed e-con e-parent\" data-id=\"66a0a5d\" data-element_type=\"container\">\n\t\t\t\t\t<div class=\"e-con-inner\">\n\t\t\t\t<div class=\"elementor-element elementor-element-9a106ad elementor-widget elementor-widget-template\" data-id=\"9a106ad\" data-element_type=\"widget\" data-widget_type=\"template.default\">\n\t\t\t\t<div class=\"elementor-widget-container\">\n\t\t\t\t\t<div class=\"elementor-template\">\n\t\t\t\t\t<div data-elementor-type=\"doc-archive\" data-elementor-id=\"12216\" class=\"elementor elementor-12216 elementor-5167\" data-elementor-post-type=\"elementor_library\">\n\t\t\t<div class=\"elementor-element elementor-element-8147010 e-flex e-con-boxed e-con e-parent\" data-id=\"8147010\" data-element_type=\"container\">\n\t\t\t\t\t<div class=\"e-con-inner\">\n\t\t\t\t\t<\/div>\n\t\t\t\t<\/div>\n\t\t<div class=\"elementor-element elementor-element-522e8fa0 e-flex e-con-boxed e-con e-parent\" data-id=\"522e8fa0\" data-element_type=\"container\" data-settings=\"{&quot;background_background&quot;:&quot;classic&quot;}\">\n\t\t\t\t\t<div class=\"e-con-inner\">\n\t\t\t\t<div class=\"elementor-element elementor-element-5e5f5752 elementor-widget elementor-widget-betterdocs-search-form\" data-id=\"5e5f5752\" data-element_type=\"widget\" data-widget_type=\"betterdocs-search-form.default\">\n\t\t\t\t<div class=\"elementor-widget-container\">\n\t\t\t<div class=\"betterdocs-search-modal-layout-1\" id=\"betterdocs-search-modal\" data-placeholder=\"Rechercher\" data-heading=\"How can we help you?\" data-headingtag=\"h2\" data-subheadingtag=\"h3\" data-buttontext=\"Search\" data-numberofdocs=\"5\" data-numberoffaqs=\"5\"><\/div>\t\t<\/div>\n\t\t\t\t<\/div>\n\t\t\t\t<div class=\"elementor-element elementor-element-685da9b elementor-widget elementor-widget-betterdocs-breadcrumb\" data-id=\"685da9b\" data-element_type=\"widget\" data-widget_type=\"betterdocs-breadcrumb.default\">\n\t\t\t\t<div class=\"elementor-widget-container\">\n\t\t\t\n<nav\n\tclass=\"betterdocs-breadcrumb layout-1\" id=\"betterdocs-breadcrumb\">\n\t<ul class=\"betterdocs-breadcrumb-list\">\n\t\t\t\t\t\t<li class=\"betterdocs-breadcrumb-item item-home\">\n\t\t\t\t<a href='https:\/\/elausys1.elvirainfotech.live' class='bread-link' title='Home'>Home<\/a>\t\t\t\t<\/li>\n\t\t\t\t<li class=\"betterdocs-breadcrumb-item breadcrumb-delimiter\">\n    <span class=\"icon-container\">\n        <svg class=\"breadcrumb-delimiter-icon svg-inline--fa fa-angle-right fa-w-8\" aria-hidden=\"true\" focusable=\"false\" data-prefix=\"fas\" data-icon=\"angle-right\" role=\"img\" xmlns=\"http:\/\/www.w3.org\/2000\/svg\" viewBox=\"0 0 256 512\">\n            <path fill=\"currentColor\" d=\"M224.3 273l-136 136c-9.4 9.4-24.6 9.4-33.9 0l-22.6-22.6c-9.4-9.4-9.4-24.6 0-33.9l96.4-96.4-96.4-96.4c-9.4-9.4-9.4-24.6 0-33.9L54.3 103c9.4-9.4 24.6-9.4 33.9 0l136 136c9.5 9.4 9.5 24.6.1 34z\"><\/path>\n        <\/svg>\n    <\/span>\n<\/li>\t\t\t\t\t\t<li class=\"betterdocs-breadcrumb-item item-cat item-custom-post-type-docs\">\n\t\t\t\t<a href='https:\/\/old.elausys.com\/fr\/docs\/' class='bread-link' title='Support'>Support<\/a>\t\t\t\t<\/li>\n\t\t\t\t\t\t\t<\/ul>\n<\/nav>\n\t\t<\/div>\n\t\t\t\t<\/div>\n\t\t\t\t<div class=\"elementor-element elementor-element-1d67b24 elementor-grid-3 elementor-grid-tablet-2 elementor-grid-mobile-1 elementor-widget elementor-widget-betterdocs-category-grid\" data-id=\"1d67b24\" data-element_type=\"widget\" data-settings=\"{&quot;grid_column&quot;:&quot;3&quot;,&quot;grid_column_tablet&quot;:&quot;2&quot;,&quot;grid_column_mobile&quot;:&quot;1&quot;}\" data-widget_type=\"betterdocs-category-grid.default\">\n\t\t\t\t<div class=\"elementor-widget-container\">\n\t\t\t\n<div\n\tid=\"el-betterdocs-cat-grid-1d67b24\" class=\"betterdocs-category-grid-wrapper betterdocs-elementor\">\n\t<div\n\t\tclass=\"betterdocs-category-grid-inner-wrapper betterdocs-category-grid grid layout-flex\" data-layout-mode=\"grid\" data-column_space_desktop=\"\" data-column_space_tab=\"\" data-column_space_mobile=\"\" data-column=\"3\" data-column_desktop=\"3\" data-column_tab=\"2\" data-column_mobile=\"1\">\n\t\t\n<article\n\tdata-id=\"127\" class=\"betterdocs-single-category-wrapper category-grid default\">\n\t<div class=\"betterdocs-single-category-inner\">\n\t\t\n<div class=\"betterdocs-category-header\">\n\t<div class=\"betterdocs-category-header-inner\">\n\t\t\n<div class=\"betterdocs-category-icon\">\n\t<img decoding=\"async\" alt=\"betterdocs-category-icon\" class=\"betterdocs-category-icon-img\" src=\"https:\/\/old.elausys.com\/wp-content\/plugins\/betterdocs\/assets\/admin\/images\/betterdocs-cat-icon.svg?v=3.8.7\" \/><\/div>\n<h2 class=\"betterdocs-category-title\">Passerelles pour onduleurs<\/h2>\n<div data-count=\"2\" class=\"betterdocs-category-items-counts\">\n\t<span>\n\t\t 2 \t<\/span>\n<\/div>\n\t<\/div>\n<\/div>\n<div class=\"betterdocs-body\">\n<ul class=\"betterdocs-articles-list\">\n\t<li><i class=\"far fa-file-alt\"><\/i><a href=\"https:\/\/old.elausys.com\/fr\/docs\/inverters-gateway-ets-database\/\"><span>Base de donn\u00e9e ETS<\/span> <\/a><\/li><li><i class=\"far fa-file-alt\"><\/i><a href=\"https:\/\/old.elausys.com\/fr\/docs\/inverters-gateway-user-manuals\/\"><span>Manuels D&rsquo;utilisation<\/span> <\/a><\/li><\/ul>\n<\/div>\n<div class=\"betterdocs-footer\">\n\t\n<a class=\"docs-cat-link-btn betterdocs-category-link-btn\" href=\"https:\/\/old.elausys.com\/fr\/docs-category\/passerelles-pour-onduleurs\/\">\n\tExplorer Davantage<i class=\"fas fa-angle-right\"><\/i><\/a>\n<\/div>\n\t<\/div>\n<\/article>\n\n<article\n\tdata-id=\"120\" class=\"betterdocs-single-category-wrapper category-grid default\">\n\t<div class=\"betterdocs-single-category-inner\">\n\t\t\n<div class=\"betterdocs-category-header\">\n\t<div class=\"betterdocs-category-header-inner\">\n\t\t\n<div class=\"betterdocs-category-icon\">\n\t<img decoding=\"async\" alt=\"betterdocs-category-icon\" class=\"betterdocs-category-icon-img\" src=\"https:\/\/old.elausys.com\/wp-content\/plugins\/betterdocs\/assets\/admin\/images\/betterdocs-cat-icon.svg?v=3.8.7\" \/><\/div>\n<h2 class=\"betterdocs-category-title\">Passerelles pour Syst\u00e8mes d'Alarme<\/h2>\n<div data-count=\"2\" class=\"betterdocs-category-items-counts\">\n\t<span>\n\t\t 2 \t<\/span>\n<\/div>\n\t<\/div>\n<\/div>\n<div class=\"betterdocs-body\">\n<ul class=\"betterdocs-articles-list\">\n\t<li><i class=\"far fa-file-alt\"><\/i><a href=\"https:\/\/old.elausys.com\/fr\/docs\/alarm-gateway-ets-database\/\"><span>Base de donn\u00e9e ETS<\/span> <\/a><\/li><li><i class=\"far fa-file-alt\"><\/i><a href=\"https:\/\/old.elausys.com\/fr\/docs\/alarm-gateway-user-manuals\/\"><span>Manuels D&rsquo;utilisation<\/span> <\/a><\/li><\/ul>\n<\/div>\n<div class=\"betterdocs-footer\">\n\t\n<a class=\"docs-cat-link-btn betterdocs-category-link-btn\" href=\"https:\/\/old.elausys.com\/fr\/docs-category\/passerelles-pour-systemes-dalarme\/\">\n\tExplorer Davantage<i class=\"fas fa-angle-right\"><\/i><\/a>\n<\/div>\n\t<\/div>\n<\/article>\n\n<article\n\tdata-id=\"145\" class=\"betterdocs-single-category-wrapper category-grid default\">\n\t<div class=\"betterdocs-single-category-inner\">\n\t\t\n<div class=\"betterdocs-category-header\">\n\t<div class=\"betterdocs-category-header-inner\">\n\t\t\n<div class=\"betterdocs-category-icon\">\n\t<img decoding=\"async\" alt=\"betterdocs-category-icon\" class=\"betterdocs-category-icon-img\" src=\"https:\/\/old.elausys.com\/wp-content\/plugins\/betterdocs\/assets\/admin\/images\/betterdocs-cat-icon.svg?v=3.8.7\" \/><\/div>\n<h2 class=\"betterdocs-category-title\">Syst\u00e8me d'actionneur KNX universel<\/h2>\n<div data-count=\"2\" class=\"betterdocs-category-items-counts\">\n\t<span>\n\t\t 2 \t<\/span>\n<\/div>\n\t<\/div>\n<\/div>\n<div class=\"betterdocs-body\">\n<ul class=\"betterdocs-articles-list\">\n\t<li><i class=\"far fa-file-alt\"><\/i><a href=\"https:\/\/old.elausys.com\/fr\/docs\/knx-actuators-ets-database\/\"><span>Base de donn\u00e9e ETS<\/span> <\/a><\/li><li><i class=\"far fa-file-alt\"><\/i><a href=\"https:\/\/old.elausys.com\/fr\/docs\/knx-actuators-user-manuals\/\"><span>Manuels D&rsquo;utilisation<\/span> <\/a><\/li><\/ul>\n<\/div>\n<div class=\"betterdocs-footer\">\n\t\n<a class=\"docs-cat-link-btn betterdocs-category-link-btn\" href=\"https:\/\/old.elausys.com\/fr\/docs-category\/systeme-dactionneur-knx-universel\/\">\n\tExplorer Davantage<i class=\"fas fa-angle-right\"><\/i><\/a>\n<\/div>\n\t<\/div>\n<\/article>\n\t<\/div>\n\t\t<div class=\"clearfix\"><\/div>\n\t<\/div>\n\t\t<\/div>\n\t\t\t\t<\/div>\n\t\t\t\t\t<\/div>\n\t\t\t\t<\/div>\n\t\t<div class=\"elementor-element elementor-element-ec1b908 e-flex e-con-boxed e-con e-parent\" data-id=\"ec1b908\" data-element_type=\"container\">\n\t\t\t\t\t<div class=\"e-con-inner\">\n\t\t\t\t\t<\/div>\n\t\t\t\t<\/div>\n\t\t<div class=\"elementor-element elementor-element-61fd0c3 e-flex e-con-boxed e-con e-parent\" data-id=\"61fd0c3\" data-element_type=\"container\">\n\t\t\t\t\t<div class=\"e-con-inner\">\n\t\t\t\t<div class=\"elementor-element elementor-element-8cb8c46 elementor-widget elementor-widget-betterdocs-faq\" data-id=\"8cb8c46\" data-element_type=\"widget\" data-widget_type=\"betterdocs-faq.default\">\n\t\t\t\t<div class=\"elementor-widget-container\">\n\t\t\t<div\n\tclass=\"betterdocs-faq-wrapper layout-modern icon-after betterdocs-faq-layout-1 betterdocs-shortcode\">\n\t<h2 class=\"betterdocs-faq-layout-1 betterdocs-faq-section-title\">\n\t\tFrequently Asked Questions\t<\/h2>\n\n\t<div class=\"betterdocs-faq-inner-wrapper\">\n\t\t<div class=\"betterdocs-faq-title\">\n\t<h2>Boutique<\/h2>\n<\/div>\n<ul class=\"betterdocs-faq-list\"><li><div class=\"betterdocs-faq-group\"><div class=\"betterdocs-faq-post\">\n\t\t<span class=\"betterdocs-faq-post-name\">\n\t\tO\u00f9 puis-je trouver les conditions g\u00e9n\u00e9rales de vente ?\t<\/span>\n\t<svg class=\"betterdocs-faq-iconminus\" xmlns=\"http:\/\/www.w3.org\/2000\/svg\" viewBox=\"0 0 24 24\" stroke-width=\"2\"><g fill=\"none\" stroke=\"#528ffe\" stroke-linecap=\"round\" stroke-miterlimit=\"10\" stroke-linejoin=\"round\"><path d=\"M17 12H7\"><\/path><circle cx=\"12\" cy=\"12\" r=\"11\"><\/circle><\/g><\/svg><svg class=\"betterdocs-faq-iconplus\" xmlns=\"http:\/\/www.w3.org\/2000\/svg\" viewBox=\"0 0 24 24\"><g stroke-width=\"2\" fill=\"none\" stroke=\"#528ffe\" stroke-linecap=\"square\" stroke-miterlimit=\"10\"><path d=\"M12 7v10M17 12H7\"><\/path><circle cx=\"12\" cy=\"12\" r=\"11\"><\/circle><\/g><\/svg><\/div>\n<div class=\"betterdocs-faq-main-content\">\n\t<p><a href=\"\/general_terms\/\" target=\"_blank\">Conditions g\u00e9n\u00e9rales de vente<\/a>&nbsp;<\/p><\/div>\n<\/div><\/li><li><div class=\"betterdocs-faq-group\"><div class=\"betterdocs-faq-post\">\n\t\t<span class=\"betterdocs-faq-post-name\">\n\t\tComment puis-je passer une commande sur la boutique en ligne ?\t<\/span>\n\t<svg class=\"betterdocs-faq-iconminus\" xmlns=\"http:\/\/www.w3.org\/2000\/svg\" viewBox=\"0 0 24 24\" stroke-width=\"2\"><g fill=\"none\" stroke=\"#528ffe\" stroke-linecap=\"round\" stroke-miterlimit=\"10\" stroke-linejoin=\"round\"><path d=\"M17 12H7\"><\/path><circle cx=\"12\" cy=\"12\" r=\"11\"><\/circle><\/g><\/svg><svg class=\"betterdocs-faq-iconplus\" xmlns=\"http:\/\/www.w3.org\/2000\/svg\" viewBox=\"0 0 24 24\"><g stroke-width=\"2\" fill=\"none\" stroke=\"#528ffe\" stroke-linecap=\"square\" stroke-miterlimit=\"10\"><path d=\"M12 7v10M17 12H7\"><\/path><circle cx=\"12\" cy=\"12\" r=\"11\"><\/circle><\/g><\/svg><\/div>\n<div class=\"betterdocs-faq-main-content\">\n\t<p>Il vous suffit de cr\u00e9er un compte ou de vous connecter, de parcourir notre gamme de produits et d'ajouter des articles \u00e0 votre panier. Une fois pr\u00eat, passez \u00e0 la caisse et finalisez votre commande. Notez que les comptes sont activ\u00e9s manuellement apr\u00e8s l'inscription, cela peut prendre jusqu'\u00e0 24h pour \u00eatre activ\u00e9.<\/p><\/div>\n<\/div><\/li><\/ul><div class=\"betterdocs-faq-title\">\n\t<h2>Passerelles pour onduleurs solaires<\/h2>\n<\/div>\n<ul class=\"betterdocs-faq-list\"><li><div class=\"betterdocs-faq-group\"><div class=\"betterdocs-faq-post\">\n\t\t<span class=\"betterdocs-faq-post-name\">\n\t\tMon onduleur est-il compatible avec la passerelle ?\t<\/span>\n\t<svg class=\"betterdocs-faq-iconminus\" xmlns=\"http:\/\/www.w3.org\/2000\/svg\" viewBox=\"0 0 24 24\" stroke-width=\"2\"><g fill=\"none\" stroke=\"#528ffe\" stroke-linecap=\"round\" stroke-miterlimit=\"10\" stroke-linejoin=\"round\"><path d=\"M17 12H7\"><\/path><circle cx=\"12\" cy=\"12\" r=\"11\"><\/circle><\/g><\/svg><svg class=\"betterdocs-faq-iconplus\" xmlns=\"http:\/\/www.w3.org\/2000\/svg\" viewBox=\"0 0 24 24\"><g stroke-width=\"2\" fill=\"none\" stroke=\"#528ffe\" stroke-linecap=\"square\" stroke-miterlimit=\"10\"><path d=\"M12 7v10M17 12H7\"><\/path><circle cx=\"12\" cy=\"12\" r=\"11\"><\/circle><\/g><\/svg><\/div>\n<div class=\"betterdocs-faq-main-content\">\n\t<p>Si votre onduleur est compatible avec Modbus TCP, il est compatible avec la passerelle. Dans certains cas, nous pouvons avoir besoin de mettre \u00e0 jour le firmware de la passerelle pour inclure un nouveau mod\u00e8le. Ce processus simple peut \u00eatre effectu\u00e9 en t\u00e9l\u00e9chargeant un fichier depuis la page web de la passerelle.<\/p><\/div>\n<\/div><\/li><\/ul>\t<\/div>\n<\/div>\n\t\t<\/div>\n\t\t\t\t<\/div>\n\t\t\t\t\t<\/div>\n\t\t\t\t<\/div>\n\t\t\t\t<\/div>\n\t\t\t\t<\/div>\n\t\t\t\t<\/div>\n\t\t\t\t<\/div>\n\t\t\t\t\t<\/div>\n\t\t\t\t<\/div>\n\t\t\t\t<\/div>\n\t\t","protected":false},"excerpt":{"rendered":"","protected":false},"author":2,"featured_media":0,"parent":0,"menu_order":0,"comment_status":"closed","ping_status":"closed","template":"","meta":{"_acf_changed":false,"_glsr_average":0,"_glsr_ranking":0,"_glsr_reviews":0,"footnotes":""},"class_list":["post-8710","page","type-page","status-publish","hentry"],"acf":[],"yoast_head":"<!-- This site is optimized with the Yoast SEO plugin v24.9 - https:\/\/yoast.com\/wordpress\/plugins\/seo\/ -->\n<title>Support - Elausys<\/title>\n<meta name=\"robots\" content=\"index, follow, max-snippet:-1, max-image-preview:large, max-video-preview:-1\" \/>\n<link rel=\"canonical\" href=\"https:\/\/old.elausys.com\/fr\/support\/\" \/>\n<meta property=\"og:locale\" content=\"fr_FR\" \/>\n<meta property=\"og:type\" content=\"article\" \/>\n<meta property=\"og:title\" content=\"Support - Elausys\" \/>\n<meta property=\"og:url\" content=\"https:\/\/old.elausys.com\/fr\/support\/\" \/>\n<meta property=\"og:site_name\" content=\"Elausys\" \/>\n<meta property=\"article:publisher\" content=\"https:\/\/www.facebook.com\/elausys\/\" \/>\n<meta property=\"article:modified_time\" content=\"2024-12-10T15:49:08+00:00\" \/>\n<meta name=\"twitter:card\" content=\"summary_large_image\" \/>\n<script type=\"application\/ld+json\" class=\"yoast-schema-graph\">{\"@context\":\"https:\/\/schema.org\",\"@graph\":[{\"@type\":\"WebPage\",\"@id\":\"https:\/\/old.elausys.com\/fr\/support\/\",\"url\":\"https:\/\/old.elausys.com\/fr\/support\/\",\"name\":\"Support - Elausys\",\"isPartOf\":{\"@id\":\"https:\/\/old.elausys.com\/fr\/#website\"},\"datePublished\":\"2024-06-21T20:49:16+00:00\",\"dateModified\":\"2024-12-10T15:49:08+00:00\",\"breadcrumb\":{\"@id\":\"https:\/\/old.elausys.com\/fr\/support\/#breadcrumb\"},\"inLanguage\":\"fr-FR\",\"potentialAction\":[{\"@type\":\"ReadAction\",\"target\":[\"https:\/\/old.elausys.com\/fr\/support\/\"]}]},{\"@type\":\"BreadcrumbList\",\"@id\":\"https:\/\/old.elausys.com\/fr\/support\/#breadcrumb\",\"itemListElement\":[{\"@type\":\"ListItem\",\"position\":1,\"name\":\"Home\",\"item\":\"https:\/\/old.elausys.com\/fr\/\"},{\"@type\":\"ListItem\",\"position\":2,\"name\":\"Support\"}]},{\"@type\":\"WebSite\",\"@id\":\"https:\/\/old.elausys.com\/fr\/#website\",\"url\":\"https:\/\/old.elausys.com\/fr\/\",\"name\":\"Elausys\",\"description\":\"Your Partner in KNX Innovation\",\"publisher\":{\"@id\":\"https:\/\/old.elausys.com\/fr\/#organization\"},\"potentialAction\":[{\"@type\":\"SearchAction\",\"target\":{\"@type\":\"EntryPoint\",\"urlTemplate\":\"https:\/\/old.elausys.com\/fr\/?s={search_term_string}\"},\"query-input\":{\"@type\":\"PropertyValueSpecification\",\"valueRequired\":true,\"valueName\":\"search_term_string\"}}],\"inLanguage\":\"fr-FR\"},{\"@type\":\"Organization\",\"@id\":\"https:\/\/old.elausys.com\/fr\/#organization\",\"name\":\"Elausys\",\"url\":\"https:\/\/old.elausys.com\/fr\/\",\"logo\":{\"@type\":\"ImageObject\",\"inLanguage\":\"fr-FR\",\"@id\":\"https:\/\/old.elausys.com\/fr\/#\/schema\/logo\/image\/\",\"url\":\"https:\/\/elausys.com\/wp-content\/uploads\/2024\/12\/ELAUSYS-LOGO-2000pxl.jpg\",\"contentUrl\":\"https:\/\/elausys.com\/wp-content\/uploads\/2024\/12\/ELAUSYS-LOGO-2000pxl.jpg\",\"width\":2000,\"height\":689,\"caption\":\"Elausys\"},\"image\":{\"@id\":\"https:\/\/old.elausys.com\/fr\/#\/schema\/logo\/image\/\"},\"sameAs\":[\"https:\/\/www.facebook.com\/elausys\/\",\"https:\/\/www.linkedin.com\/company\/elausys-sprl\",\"https:\/\/www.instagram.com\/elausys_knx\/\"]}]}<\/script>\n<!-- \/ Yoast SEO plugin. -->","yoast_head_json":{"title":"Support - Elausys","robots":{"index":"index","follow":"follow","max-snippet":"max-snippet:-1","max-image-preview":"max-image-preview:large","max-video-preview":"max-video-preview:-1"},"canonical":"https:\/\/old.elausys.com\/fr\/support\/","og_locale":"fr_FR","og_type":"article","og_title":"Support - Elausys","og_url":"https:\/\/old.elausys.com\/fr\/support\/","og_site_name":"Elausys","article_publisher":"https:\/\/www.facebook.com\/elausys\/","article_modified_time":"2024-12-10T15:49:08+00:00","twitter_card":"summary_large_image","schema":{"@context":"https:\/\/schema.org","@graph":[{"@type":"WebPage","@id":"https:\/\/old.elausys.com\/fr\/support\/","url":"https:\/\/old.elausys.com\/fr\/support\/","name":"Support - Elausys","isPartOf":{"@id":"https:\/\/old.elausys.com\/fr\/#website"},"datePublished":"2024-06-21T20:49:16+00:00","dateModified":"2024-12-10T15:49:08+00:00","breadcrumb":{"@id":"https:\/\/old.elausys.com\/fr\/support\/#breadcrumb"},"inLanguage":"fr-FR","potentialAction":[{"@type":"ReadAction","target":["https:\/\/old.elausys.com\/fr\/support\/"]}]},{"@type":"BreadcrumbList","@id":"https:\/\/old.elausys.com\/fr\/support\/#breadcrumb","itemListElement":[{"@type":"ListItem","position":1,"name":"Home","item":"https:\/\/old.elausys.com\/fr\/"},{"@type":"ListItem","position":2,"name":"Support"}]},{"@type":"WebSite","@id":"https:\/\/old.elausys.com\/fr\/#website","url":"https:\/\/old.elausys.com\/fr\/","name":"Elausys","description":"Your Partner in KNX Innovation","publisher":{"@id":"https:\/\/old.elausys.com\/fr\/#organization"},"potentialAction":[{"@type":"SearchAction","target":{"@type":"EntryPoint","urlTemplate":"https:\/\/old.elausys.com\/fr\/?s={search_term_string}"},"query-input":{"@type":"PropertyValueSpecification","valueRequired":true,"valueName":"search_term_string"}}],"inLanguage":"fr-FR"},{"@type":"Organization","@id":"https:\/\/old.elausys.com\/fr\/#organization","name":"Elausys","url":"https:\/\/old.elausys.com\/fr\/","logo":{"@type":"ImageObject","inLanguage":"fr-FR","@id":"https:\/\/old.elausys.com\/fr\/#\/schema\/logo\/image\/","url":"https:\/\/elausys.com\/wp-content\/uploads\/2024\/12\/ELAUSYS-LOGO-2000pxl.jpg","contentUrl":"https:\/\/elausys.com\/wp-content\/uploads\/2024\/12\/ELAUSYS-LOGO-2000pxl.jpg","width":2000,"height":689,"caption":"Elausys"},"image":{"@id":"https:\/\/old.elausys.com\/fr\/#\/schema\/logo\/image\/"},"sameAs":["https:\/\/www.facebook.com\/elausys\/","https:\/\/www.linkedin.com\/company\/elausys-sprl","https:\/\/www.instagram.com\/elausys_knx\/"]}]}},"_links":{"self":[{"href":"https:\/\/old.elausys.com\/fr\/wp-json\/wp\/v2\/pages\/8710","targetHints":{"allow":["GET"]}}],"collection":[{"href":"https:\/\/old.elausys.com\/fr\/wp-json\/wp\/v2\/pages"}],"about":[{"href":"https:\/\/old.elausys.com\/fr\/wp-json\/wp\/v2\/types\/page"}],"author":[{"embeddable":true,"href":"https:\/\/old.elausys.com\/fr\/wp-json\/wp\/v2\/users\/2"}],"replies":[{"embeddable":true,"href":"https:\/\/old.elausys.com\/fr\/wp-json\/wp\/v2\/comments?post=8710"}],"version-history":[{"count":0,"href":"https:\/\/old.elausys.com\/fr\/wp-json\/wp\/v2\/pages\/8710\/revisions"}],"wp:attachment":[{"href":"https:\/\/old.elausys.com\/fr\/wp-json\/wp\/v2\/media?parent=8710"}],"curies":[{"name":"wp","href":"https:\/\/api.w.org\/{rel}","templated":true}]}}