{"id":9714,"date":"2024-11-22T13:30:28","date_gmt":"2024-11-22T12:30:28","guid":{"rendered":"https:\/\/elausys1.elvirainfotech.live\/2-allgemeine-verkaufsbedingungen\/"},"modified":"2024-12-05T12:55:57","modified_gmt":"2024-12-05T12:55:57","slug":"2-allgemeine-verkaufsbedingungen","status":"publish","type":"page","link":"https:\/\/old.elausys.com\/de\/2-allgemeine-verkaufsbedingungen\/","title":{"rendered":"Allgemeine Verkaufsbedingungen"},"content":{"rendered":"\t\t<div data-elementor-type=\"wp-page\" data-elementor-id=\"9714\" class=\"elementor elementor-9714 elementor-1006\" data-elementor-post-type=\"page\">\n\t\t\t\t<div class=\"elementor-element elementor-element-9a3baff e-flex e-con-boxed e-con e-parent\" data-id=\"9a3baff\" data-element_type=\"container\">\n\t\t\t\t\t<div class=\"e-con-inner\">\n\t\t\t\t<div class=\"elementor-element elementor-element-23f4d5e elementor-widget elementor-widget-heading\" data-id=\"23f4d5e\" data-element_type=\"widget\" data-widget_type=\"heading.default\">\n\t\t\t\t<div class=\"elementor-widget-container\">\n\t\t\t<style>\/*! elementor - v3.23.0 - 05-08-2024 *\/\n.elementor-heading-title{padding:0;margin:0;line-height:1}.elementor-widget-heading .elementor-heading-title[class*=elementor-size-]>a{color:inherit;font-size:inherit;line-height:inherit}.elementor-widget-heading .elementor-heading-title.elementor-size-small{font-size:15px}.elementor-widget-heading .elementor-heading-title.elementor-size-medium{font-size:19px}.elementor-widget-heading .elementor-heading-title.elementor-size-large{font-size:29px}.elementor-widget-heading .elementor-heading-title.elementor-size-xl{font-size:39px}.elementor-widget-heading .elementor-heading-title.elementor-size-xxl{font-size:59px}<\/style><h2 class=\"elementor-heading-title elementor-size-default\">Allgemeine Verkaufsbedingungen<\/h2>\t\t<\/div>\n\t\t\t\t<\/div>\n\t\t\t\t\t<\/div>\n\t\t\t\t<\/div>\n\t\t<div class=\"elementor-element elementor-element-a80b0b5 e-flex e-con-boxed e-con e-parent\" data-id=\"a80b0b5\" data-element_type=\"container\">\n\t\t\t\t\t<div class=\"e-con-inner\">\n\t\t\t\t<div class=\"elementor-element elementor-element-2f69921 elementor-widget elementor-widget-text-editor\" data-id=\"2f69921\" data-element_type=\"widget\" data-widget_type=\"text-editor.default\">\n\t\t\t\t<div class=\"elementor-widget-container\">\n\t\t\t<style>\/*! elementor - v3.23.0 - 05-08-2024 *\/\n.elementor-widget-text-editor.elementor-drop-cap-view-stacked .elementor-drop-cap{background-color:#69727d;color:#fff}.elementor-widget-text-editor.elementor-drop-cap-view-framed .elementor-drop-cap{color:#69727d;border:3px solid;background-color:transparent}.elementor-widget-text-editor:not(.elementor-drop-cap-view-default) .elementor-drop-cap{margin-top:8px}.elementor-widget-text-editor:not(.elementor-drop-cap-view-default) .elementor-drop-cap-letter{width:1em;height:1em}.elementor-widget-text-editor .elementor-drop-cap{float:left;text-align:center;line-height:1;font-size:50px}.elementor-widget-text-editor .elementor-drop-cap-letter{display:inline-block}<\/style>\t\t\t\t<p style=\"font-weight: 400;\">Diese Allgemeinen Gesch\u00e4ftsbedingungen gelten f\u00fcr die Lieferung von Hardware (&#8218;Ger\u00e4te&#8216;) und die Erbringung von Beratungs- oder anderen Dienstleistungen (&#8218;Dienstleistungen&#8216;) durch Elausys an Sie (den &#8218;Kunden&#8216;). Sie ersetzen ohne Ausnahme alle Angebots-, Annahme-, Kauf- und\/oder Lieferbedingungen des Kunden, auch wenn sie das Gegenteil festlegen. Durch die Auftragserteilung (&#8218;Auftrag&#8216;) akzeptiert der Kunde automatisch diese Allgemeinen Gesch\u00e4ftsbedingungen, auch f\u00fcr Folgeauftr\u00e4ge, und verzichtet auf seine eigenen Bedingungen.<\/p>\n<ol>\n<li style=\"font-weight: 400;\">Auftr\u00e4ge<\/li>\n<\/ol>\n<p style=\"font-weight: 400;\">Es besteht kein Vertrag \u00fcber die Lieferung von Ger\u00e4ten oder Dienstleistungen (&#8218;Vertrag&#8216;) zwischen dem Kunden und Elausys, bis Elausys den Auftrag des Kunden schriftlich oder durch Leistung akzeptiert hat. Jeder Vertrag unterliegt diesen Allgemeinen Gesch\u00e4ftsbedingungen. Der Kunde darf Vertr\u00e4ge nicht ohne die schriftliche Zustimmung von Elausys \u00e4ndern, stornieren oder verschieben.<\/p>\n<p style=\"font-weight: 400;\">Es werden nur die in den Katalogen von Elausys aufgef\u00fchrten Referenzen f\u00fcr Auftr\u00e4ge ber\u00fccksichtigt. Es wird keine R\u00fccksendung von Ger\u00e4ten ohne die vorherige schriftliche Zustimmung von Elausys akzeptiert. Ein Produkt kann innerhalb von 30 Tagen kostenfrei zur\u00fcckgegeben werden (au\u00dfer Versandkosten).<\/p>\n<p style=\"font-weight: 400;\">Elausys beh\u00e4lt sich das Recht vor, Mindestmengen f\u00fcr die Auftr\u00e4ge festzulegen, die mindestens der kleinsten Verpackungseinheit entsprechen.<\/p>\n<ol start=\"2\">\n<li style=\"font-weight: 400;\">Preise<\/li>\n<\/ol>\n<p style=\"font-weight: 400;\">Die zum Zeitpunkt der Auftragserteilung geltenden Preise f\u00fcr Ger\u00e4te und Dienstleistungen sind ma\u00dfgeblich.<\/p>\n<p style=\"font-weight: 400;\">Angebote von Elausys sind 30 (drei\u00dfig) Kalendertage g\u00fcltig, sofern nicht anders angegeben. Die Preise enthalten keine Steuern, Abgaben und sonstigen Geb\u00fchren oder Kosten, wie Geb\u00fchren f\u00fcr spezielle Verpackung und Kennzeichnung der Ger\u00e4te, Genehmigungen, Zertifikate, Zolldeklarationen und Registrierung (zusammen &#8218;Zusatzkosten&#8216;). Zusatzkosten sind vom Kunden zu tragen.<\/p>\n<ol start=\"3\">\n<li style=\"font-weight: 400;\">Zahlungsbedingungen<\/li>\n<\/ol>\n<p style=\"font-weight: 400;\">Elausys stellt f\u00fcr jede Lieferung eine Rechnung aus.<\/p>\n<p style=\"font-weight: 400;\">Rechnungen m\u00fcssen ohne Abzug oder Aufrechnung am Rechnungsdatum bezahlt werden, es sei denn, Elausys hat schriftlich einer anderen Zahlungsfrist zugestimmt. Bei unbezahlten Rechnungen kann Elausys (i) Zinsen in H\u00f6he von 12 % pro Jahr ab dem F\u00e4lligkeitsdatum bis zum Zahlungsdatum und (ii) eine Pauschalgeb\u00fchr von 10 % des geschuldeten Betrags mit einem Mindestbetrag von 25 Euro berechnen.<\/p>\n<p style=\"font-weight: 400;\">Wenn der Kunde keine Zahlung gem\u00e4\u00df diesem Vertrag leistet, kann Elausys alle noch ausstehenden Lieferungen von Ger\u00e4ten aussetzen und\/oder die Dienstleistungen aussetzen und alle unbezahlten Rechnungen sofort f\u00e4llig stellen.<\/p>\n<ol start=\"4\">\n<li style=\"font-weight: 400;\">Lieferung und Eigentumsvorbehalt<\/li>\n<\/ol>\n<p style=\"font-weight: 400;\">Sofern nicht anders von Elausys schriftlich festgelegt, erfolgen alle Lieferungen von Elausys CIP (INCOTERMS 2010). Die von Elausys angegebenen Liefertermine sind lediglich Sch\u00e4tzungen. Elausys haftet nicht f\u00fcr Lieferverz\u00f6gerungen. Elausys beh\u00e4lt sich das Recht vor, Teillieferungen vorzunehmen, die der Kunde akzeptieren und f\u00fcr die gelieferten Ger\u00e4te bezahlen wird.<\/p>\n<p style=\"font-weight: 400;\">Ungeachtet des Vorstehenden bleiben alle Ger\u00e4te bis zur vollst\u00e4ndigen Bezahlung ihres Verkaufspreises Eigentum von Elausys. Elausys beh\u00e4lt sich das Recht vor, Ger\u00e4te, f\u00fcr die noch keine vollst\u00e4ndige Zahlung geleistet wurde, von der Person, die die Ger\u00e4te besitzt, zur\u00fcckzufordern.<\/p>\n<p style=\"font-weight: 400;\">Elausys beh\u00e4lt sich das Recht vor, Ger\u00e4te zu liefern, die hinsichtlich Preis und Funktionalit\u00e4t den bestellten Ger\u00e4ten entsprechen.<\/p>\n<ol start=\"5\">\n<li style=\"font-weight: 400;\">Garantiebedingungen von Elausys<\/li>\n<\/ol>\n<p style=\"font-weight: 400;\">F\u00fcr Ger\u00e4te bietet Elausys eine Garantie von zwei (2) Jahren ab dem Lieferdatum. Das Rechnungsdatum gilt als Lieferdatum. Wenn keine Rechnung vorliegt, gilt das Produktionsdatum.<\/p>\n<p style=\"font-weight: 400;\">Diese Garantie umfasst nach Wahl von Elausys die Reparatur, den Ersatz oder die R\u00fcckerstattung eines Ger\u00e4ts, deckt jedoch keinen Verlust oder Schaden oder Kosten im Zusammenhang mit Inkompatibilit\u00e4t, einschlie\u00dflich der Kosten von Drittanbietern (die involviert sind, ob auf Anweisung des Kunden oder nicht).<\/p>\n<p style=\"font-weight: 400;\">Im Falle von Inkompatibilit\u00e4t muss der Kunde Elausys innerhalb von einem (1) Monat nach Feststellung des Problems schriftlich dar\u00fcber informieren. Der Kunde muss das Problem auch klar beschreiben. Ohne eine Problembeschreibung f\u00fchrt Elausys nur einen kurzen Test der Grundfunktionen des Ger\u00e4ts durch.<\/p>\n<p style=\"font-weight: 400;\">Die Garantiebedingungen gelten nicht: (i) wenn die Ursache eines Fehlers eine falsche Installation, unsachgem\u00e4\u00dfe oder fahrl\u00e4ssige Verwendung oder falscher Betrieb oder Umbau des Ger\u00e4ts ist; (ii) Wartung entgegen den Wartungsanweisungen des Ger\u00e4ts; (iii) externe Ursache &#8211; eine Ursache, die au\u00dferhalb der Kontrolle von Elausys liegt und nicht Elausys zuzurechnen ist &#8211; wie Feuchtigkeitssch\u00e4den, Sch\u00e4den durch \u00dcberlastung usw.; (iv) wenn die Ursache des Problems inh\u00e4rent ist f\u00fcr die normale Nutzungs- oder Lebensdauer des Ger\u00e4ts, wie ein defekter Sicherung oder leerer Batterie, die vom Kunden ausgetauscht werden kann; (v) in F\u00e4llen, in denen die Haftung von Elausys ausgeschlossen ist, wie in Artikel 6 beschrieben.<\/p>\n<p style=\"font-weight: 400;\">Soweit gesetzlich zul\u00e4ssig, gibt Elausys keine andere Garantie, weder ausdr\u00fccklich noch stillschweigend, wie die Gew\u00e4hrleistung der Marktg\u00e4ngigkeit, Eignung f\u00fcr einen bestimmten Zweck, unterbrechungsfreie Nutzung und Nichtverletzung.<\/p>\n<p style=\"font-weight: 400;\"><em><b><strong>Besondere Garantiebedingungen f\u00fcr Sonderbestellungen<\/strong><\/b><\/em>\u00a0\u00a0\u00a0<br \/>Die vorliegenden besonderen Garantiebedingungen gelten f\u00fcr die Lieferung von Sonderbestellungen. Diese sind entweder Ger\u00e4te, die vom Kunden modifiziert wurden (1), entweder Ger\u00e4te, die auf Wunsch des Kunden von Elausys modifiziert wurden (2), oder Produkte von Drittanbietern, die auf Wunsch des Kunden von Elausys modifiziert wurden (3). \u00a0\u00a0<\/p>\n<p style=\"font-weight: 400;\">Im Falle von Sonderbestellungen gelten die folgenden Garantiebedingungen. \u00a0 \u00a0\u00a0<\/p>\n<p style=\"font-weight: 400;\"><em><b><strong>Modifikation des Ger\u00e4ts durch den Kunden<\/strong><\/b><\/em>\u00a0 \u00a0\u00a0\u00a0<br \/>Gem\u00e4\u00df Artikel 5 der Allgemeinen Verkaufsbedingungen \u00fcbernimmt Elausys keine Garantie f\u00fcr Fehler, die durch eine Modifikation des Ger\u00e4ts verursacht wurden. Elausys ist nicht verantwortlich und haftet keinesfalls f\u00fcr Verluste oder Sch\u00e4den, die durch ein Ger\u00e4t verursacht wurden, das vom Kunden modifiziert wurde.\u00a0<\/p>\n<p style=\"font-weight: 400;\"><em><b><strong>Modifikation des Ger\u00e4ts durch Elausys\u00a0<\/strong><\/b><\/em>\u00a0\u00a0<br \/>Gem\u00e4\u00df Artikel 5 der Allgemeinen Verkaufsbedingungen gew\u00e4hrt Elausys eine Garantie von 1 Jahr ab dem Lieferdatum der angepassten Ger\u00e4te, die von diesem Auftrag erfasst sind. \u00a0 \u00a0 \u00a0\u00a0<\/p>\n<p style=\"font-weight: 400;\"><em><b><strong>Modifikationen von Produkten von Drittanbietern durch Elausys<\/strong><\/b><\/em>\u00a0\u00a0\u00a0<br \/>Ungeachtet von Artikel 5 der Allgemeinen Verkaufsbedingungen gew\u00e4hrt Elausys keine Garantie f\u00fcr angepasste Ger\u00e4te, die von diesem Auftrag erfasst sind. Dies gilt auch f\u00fcr Anpassungen, die von Elausys an einem Produkt eines Drittanbieters vorgenommen wurden (&#8218;das Originalprodukt&#8216;), sowie f\u00fcr das Originalprodukt selbst. \u00a0 \u00a0\u00a0<\/p>\n<p style=\"font-weight: 400;\"><br \/>Gem\u00e4\u00df Artikel 6 der Allgemeinen Verkaufsbedingungen haftet Elausys nicht f\u00fcr Sch\u00e4den, die durch Produkte von Drittanbietern verursacht wurden, einschlie\u00dflich Sch\u00e4den, die durch das Originalprodukt verursacht wurden. \u00a0 \u00a0 \u00a0<\/p>\n<ol start=\"6\">\n<li style=\"font-weight: 400;\">Haftungsbeschr\u00e4nkung<\/li>\n<\/ol>\n<p style=\"font-weight: 400;\">Elausys ist nicht verantwortlich und kann unter keinen Umst\u00e4nden f\u00fcr jegliche Form von Verlusten oder Sch\u00e4den haftbar gemacht werden aufgrund von:<\/p>\n<p style=\"font-weight: 400;\">(a) Fehlern oder Fahrl\u00e4ssigkeit des Kunden oder eines Dritten; (b) Produkten und Dienstleistungen von Dritten; (c) der fehlerhaften Funktion oder Nichtfunktion der Internetverbindung, Breitbandverbindung oder anderer Dienste oder Infrastrukturen, \u00fcber die Elausys keine Kontrolle hat; (d) falscher Verwendung der Ger\u00e4te oder Dienstleistungen; (e) kurzzeitigen Unterbrechungen der Verf\u00fcgbarkeit oder Funktionsweise der Ger\u00e4te oder Dienstleistungen aufgrund eines technischen Eingriffs (wie Wartung); (f) Fehlern in den Ger\u00e4ten oder Dienstleistungen, \u00fcber die Elausys keine Kontrolle hat, gem\u00e4\u00df dem Stand des Wissens und der Technologie.<\/p>\n<p style=\"font-weight: 400;\">Soweit gesetzlich zul\u00e4ssig haften weder Elausys noch seine Mitarbeiter oder Vertreter f\u00fcr indirekte, besondere, zuf\u00e4llige oder Folgesch\u00e4den (wie Gewinn- oder Umsatzverlust, Datenverlust, Nutzungsausfall, Reparaturkosten, Produktionskosten, Rufsch\u00e4digung oder Kundenverlust). Soweit gesetzlich zul\u00e4ssig, bel\u00e4uft sich die Entsch\u00e4digung f\u00fcr Sch\u00e4den, die der Kunde von Elausys f\u00fcr direkte Sch\u00e4den verlangen kann, niemals auf den Preis des betreffenden Ger\u00e4ts oder der betreffenden Dienstleistung. Wenn die obige Haftungsbeschr\u00e4nkung nach geltendem Recht f\u00fcr ung\u00fcltig erkl\u00e4rt wird, bel\u00e4uft sich die Gesamthaftung von Elausys niemals auf 10.000 Euro oder den entsprechenden Gegenwert.\u00a0<\/p>\n<p style=\"font-weight: 400;\">Der Kunde wird Elausys gegen jegliche Anspr\u00fcche aufgrund von:\u00a0<br \/>(i) Elausys&#8217;s Einhaltung der Designs, Spezifikationen oder Anweisungen des Kunden,\u00a0<br \/>(ii) der Modifikation eines Ger\u00e4ts durch jemand anderen als Elausys oder\u00a0<br \/>(iii) der Verwendung von Ger\u00e4ten in Kombination mit anderen Produkten, verteidigen und schadlos halten.<\/p>\n<ol start=\"7\">\n<li style=\"font-weight: 400;\">Geistige Eigentumsrechte<\/li>\n<\/ol>\n<p style=\"font-weight: 400;\">Der Kunde erkennt an, dass die geistigen Eigentumsrechte an den Ger\u00e4ten und Dienstleistungen Elausys geh\u00f6ren oder von Elausys lizenziert wurden und dass Elausys oder der Drittlizenzgeber die Inhaber dieser geistigen Eigentumsrechte sind.<\/p>\n<p style=\"font-weight: 400;\">Dem Kunden ist es in keiner Weise gestattet, die Hardware, das Layout, den Text, die Dateien, Daten, Datenbanken, Codes, Topografie, Domainnamen, Software (sowohl den Bin\u00e4rcode als auch den Quellcode), Zeichnungen, Markennamen, Logos, Bilder und\/oder das Design ohne die vorherige schriftliche Zustimmung von Elausys zu reproduzieren oder zu ver\u00e4ndern.<\/p>\n<p style=\"font-weight: 400;\">Alle geistigen Eigentumsrechte in Bezug auf die Software auf den Ger\u00e4ten und in den Dienstleistungen sind und bleiben das ausschlie\u00dfliche Eigentum von Elausys und\/oder seinen Lieferanten. Die Software darf nicht reproduziert oder kopiert werden, auch nicht f\u00fcr den internen Gebrauch des Kunden. Die Rechte von Elausys gelten f\u00fcr alle Versionen und nachfolgenden Updates.<\/p>\n<p style=\"font-weight: 400;\">Der Kunde muss die Eigentumsangaben im Ger\u00e4t, den Handb\u00fcchern und den Wartungsanweisungen in gutem Zustand aufbewahren und garantieren, dass er die vertrauliche Natur der Software aufrechterh\u00e4lt.<\/p>\n<ol start=\"8\">\n<li style=\"font-weight: 400;\">Datenschutz<\/li>\n<\/ol>\n<p style=\"font-weight: 400;\">Die vom Kunden bereitgestellten personenbezogenen Daten werden zur Durchf\u00fchrung des Vertrags und des Kundenmanagements verarbeitet und um den Kunden \u00fcber den Versand von Werbung oder anderen kommerziellen oder werblichen Nachrichten (Direktmarketing) zu kontaktieren.<\/p>\n<p style=\"font-weight: 400;\">Dar\u00fcber hinaus sind alle vom Kunden bereitgestellten Daten f\u00fcr Elausys auf anonymer Basis f\u00fcr Datenanalysen zug\u00e4nglich.<\/p>\n<p style=\"font-weight: 400;\">Das gesetzliche Recht auf Zugang, Berichtigung und Widerspruch zur Verwendung f\u00fcr Direktmarketing kann durch die Einreichung eines schriftlichen, unterzeichneten und datierten Antrags zusammen mit einer Kopie des Personalausweises an Elausys unter der oben angegebenen Adresse oder per E-Mail an info@elausys.be ausge\u00fcbt werden.<\/p>\n<ol start=\"9\">\n<li style=\"font-weight: 400;\">Umst\u00e4nde, die au\u00dferhalb der Kontrolle von Elausys liegen<\/li>\n<\/ol>\n<p style=\"font-weight: 400;\">Elausys haftet nicht f\u00fcr die Nichterf\u00fcllung seiner Verpflichtungen aus diesem Vertrag aus Gr\u00fcnden, die au\u00dferhalb seiner angemessenen Kontrolle liegen (zum Beispiel: Naturkatastrophen, Handlungen oder Unterlassungen des Kunden, Betriebsst\u00f6rungen, vom Menschen verursachte oder nat\u00fcrliche Katastrophen, epidemische medizinische Krisen, Materialknappheit, Streiks, kriminelle Handlungen, Liefer- oder Transportverz\u00f6gerungen oder die Unm\u00f6glichkeit, Arbeitskr\u00e4fte oder Materialien aus regul\u00e4ren Quellen zu beschaffen).<\/p>\n<ol start=\"10\">\n<li style=\"font-weight: 400;\">Finanzielle Garantien<\/li>\n<\/ol>\n<p style=\"font-weight: 400;\">Wenn Elausys der Ansicht ist, dass es Probleme mit der Kreditw\u00fcrdigkeit des Kunden gibt, hat Elausys das Recht, den Vertrag ganz oder teilweise auszusetzen und zus\u00e4tzliche Garantien zu verlangen. Wenn der Kunde sich weigert, diese Garantien zu geben, hat Elausys das Recht, den Vertrag ganz oder teilweise zu k\u00fcndigen, ohne dass dies Elausys&#8217;s Recht auf Schadensersatz beeintr\u00e4chtigt.<\/p>\n<ol start=\"11\">\n<li style=\"font-weight: 400;\">Allgemeines<\/li>\n<\/ol>\n<p style=\"font-weight: 400;\">Das Vertragsverh\u00e4ltnis zwischen dem Kunden und Elausys unterliegt ausschlie\u00dflich belgischem Recht.\u00a0 Alle Streitigkeiten \u00fcber die Auslegung und Anwendung dieser Bedingungen unterliegen der ausschlie\u00dflichen Zust\u00e4ndigkeit der Gerichte\t\t\t\t\t\t<\/div>\n\t\t\t\t<\/div>\n\t\t\t\t\t<\/div>\n\t\t\t\t<\/div>\n\t\t\t\t<\/div>\n\t\t","protected":false},"excerpt":{"rendered":"<p>Allgemeine Verkaufsbedingungen Diese Allgemeinen Gesch\u00e4ftsbedingungen gelten f\u00fcr die Lieferung von Hardware (&#8218;Ger\u00e4te&#8216;) und die Erbringung von Beratungs- oder anderen Dienstleistungen (&#8218;Dienstleistungen&#8216;) durch Elausys an Sie (den &#8218;Kunden&#8216;). Sie ersetzen ohne Ausnahme alle Angebots-, Annahme-, Kauf- und\/oder Lieferbedingungen des Kunden, auch wenn sie das Gegenteil festlegen. Durch die Auftragserteilung (&#8218;Auftrag&#8216;) akzeptiert der Kunde automatisch diese Allgemeinen [&hellip;]<\/p>\n","protected":false},"author":2,"featured_media":0,"parent":0,"menu_order":0,"comment_status":"closed","ping_status":"closed","template":"","meta":{"_acf_changed":false,"_glsr_average":0,"_glsr_ranking":0,"_glsr_reviews":0,"footnotes":""},"class_list":["post-9714","page","type-page","status-publish","hentry"],"acf":[],"yoast_head":"<!-- This site is optimized with the Yoast SEO plugin v24.9 - https:\/\/yoast.com\/wordpress\/plugins\/seo\/ -->\n<title>Allgemeine Verkaufsbedingungen - Elausys<\/title>\n<meta name=\"robots\" content=\"index, follow, max-snippet:-1, max-image-preview:large, max-video-preview:-1\" \/>\n<link rel=\"canonical\" href=\"https:\/\/old.elausys.com\/de\/2-allgemeine-verkaufsbedingungen\/\" \/>\n<meta property=\"og:locale\" content=\"de_DE\" \/>\n<meta property=\"og:type\" content=\"article\" \/>\n<meta property=\"og:title\" content=\"Allgemeine Verkaufsbedingungen - Elausys\" \/>\n<meta property=\"og:description\" content=\"Allgemeine Verkaufsbedingungen Diese Allgemeinen Gesch\u00e4ftsbedingungen gelten f\u00fcr die Lieferung von Hardware (&#8218;Ger\u00e4te&#8216;) und die Erbringung von Beratungs- oder anderen Dienstleistungen (&#8218;Dienstleistungen&#8216;) durch Elausys an Sie (den &#8218;Kunden&#8216;). Sie ersetzen ohne Ausnahme alle Angebots-, Annahme-, Kauf- und\/oder Lieferbedingungen des Kunden, auch wenn sie das Gegenteil festlegen. Durch die Auftragserteilung (&#8218;Auftrag&#8216;) akzeptiert der Kunde automatisch diese Allgemeinen [&hellip;]\" \/>\n<meta property=\"og:url\" content=\"https:\/\/old.elausys.com\/de\/2-allgemeine-verkaufsbedingungen\/\" \/>\n<meta property=\"og:site_name\" content=\"Elausys\" \/>\n<meta property=\"article:publisher\" content=\"https:\/\/www.facebook.com\/elausys\/\" \/>\n<meta property=\"article:modified_time\" content=\"2024-12-05T12:55:57+00:00\" \/>\n<meta name=\"twitter:card\" content=\"summary_large_image\" \/>\n<meta name=\"twitter:label1\" content=\"Gesch\u00e4tzte Lesezeit\" \/>\n\t<meta name=\"twitter:data1\" content=\"8\u00a0Minuten\" \/>\n<script type=\"application\/ld+json\" class=\"yoast-schema-graph\">{\"@context\":\"https:\/\/schema.org\",\"@graph\":[{\"@type\":\"WebPage\",\"@id\":\"https:\/\/old.elausys.com\/de\/2-allgemeine-verkaufsbedingungen\/\",\"url\":\"https:\/\/old.elausys.com\/de\/2-allgemeine-verkaufsbedingungen\/\",\"name\":\"Allgemeine Verkaufsbedingungen - Elausys\",\"isPartOf\":{\"@id\":\"https:\/\/old.elausys.com\/de\/#website\"},\"datePublished\":\"2024-11-22T12:30:28+00:00\",\"dateModified\":\"2024-12-05T12:55:57+00:00\",\"breadcrumb\":{\"@id\":\"https:\/\/old.elausys.com\/de\/2-allgemeine-verkaufsbedingungen\/#breadcrumb\"},\"inLanguage\":\"de\",\"potentialAction\":[{\"@type\":\"ReadAction\",\"target\":[\"https:\/\/old.elausys.com\/de\/2-allgemeine-verkaufsbedingungen\/\"]}]},{\"@type\":\"BreadcrumbList\",\"@id\":\"https:\/\/old.elausys.com\/de\/2-allgemeine-verkaufsbedingungen\/#breadcrumb\",\"itemListElement\":[{\"@type\":\"ListItem\",\"position\":1,\"name\":\"Home\",\"item\":\"https:\/\/old.elausys.com\/de\/\"},{\"@type\":\"ListItem\",\"position\":2,\"name\":\"Allgemeine Verkaufsbedingungen\"}]},{\"@type\":\"WebSite\",\"@id\":\"https:\/\/old.elausys.com\/de\/#website\",\"url\":\"https:\/\/old.elausys.com\/de\/\",\"name\":\"Elausys\",\"description\":\"Your Partner in KNX Innovation\",\"publisher\":{\"@id\":\"https:\/\/old.elausys.com\/de\/#organization\"},\"potentialAction\":[{\"@type\":\"SearchAction\",\"target\":{\"@type\":\"EntryPoint\",\"urlTemplate\":\"https:\/\/old.elausys.com\/de\/?s={search_term_string}\"},\"query-input\":{\"@type\":\"PropertyValueSpecification\",\"valueRequired\":true,\"valueName\":\"search_term_string\"}}],\"inLanguage\":\"de\"},{\"@type\":\"Organization\",\"@id\":\"https:\/\/old.elausys.com\/de\/#organization\",\"name\":\"Elausys\",\"url\":\"https:\/\/old.elausys.com\/de\/\",\"logo\":{\"@type\":\"ImageObject\",\"inLanguage\":\"de\",\"@id\":\"https:\/\/old.elausys.com\/de\/#\/schema\/logo\/image\/\",\"url\":\"https:\/\/elausys.com\/wp-content\/uploads\/2024\/12\/ELAUSYS-LOGO-2000pxl.jpg\",\"contentUrl\":\"https:\/\/elausys.com\/wp-content\/uploads\/2024\/12\/ELAUSYS-LOGO-2000pxl.jpg\",\"width\":2000,\"height\":689,\"caption\":\"Elausys\"},\"image\":{\"@id\":\"https:\/\/old.elausys.com\/de\/#\/schema\/logo\/image\/\"},\"sameAs\":[\"https:\/\/www.facebook.com\/elausys\/\",\"https:\/\/www.linkedin.com\/company\/elausys-sprl\",\"https:\/\/www.instagram.com\/elausys_knx\/\"]}]}<\/script>\n<!-- \/ Yoast SEO plugin. -->","yoast_head_json":{"title":"Allgemeine Verkaufsbedingungen - Elausys","robots":{"index":"index","follow":"follow","max-snippet":"max-snippet:-1","max-image-preview":"max-image-preview:large","max-video-preview":"max-video-preview:-1"},"canonical":"https:\/\/old.elausys.com\/de\/2-allgemeine-verkaufsbedingungen\/","og_locale":"de_DE","og_type":"article","og_title":"Allgemeine Verkaufsbedingungen - Elausys","og_description":"Allgemeine Verkaufsbedingungen Diese Allgemeinen Gesch\u00e4ftsbedingungen gelten f\u00fcr die Lieferung von Hardware (&#8218;Ger\u00e4te&#8216;) und die Erbringung von Beratungs- oder anderen Dienstleistungen (&#8218;Dienstleistungen&#8216;) durch Elausys an Sie (den &#8218;Kunden&#8216;). Sie ersetzen ohne Ausnahme alle Angebots-, Annahme-, Kauf- und\/oder Lieferbedingungen des Kunden, auch wenn sie das Gegenteil festlegen. Durch die Auftragserteilung (&#8218;Auftrag&#8216;) akzeptiert der Kunde automatisch diese Allgemeinen [&hellip;]","og_url":"https:\/\/old.elausys.com\/de\/2-allgemeine-verkaufsbedingungen\/","og_site_name":"Elausys","article_publisher":"https:\/\/www.facebook.com\/elausys\/","article_modified_time":"2024-12-05T12:55:57+00:00","twitter_card":"summary_large_image","twitter_misc":{"Gesch\u00e4tzte Lesezeit":"8\u00a0Minuten"},"schema":{"@context":"https:\/\/schema.org","@graph":[{"@type":"WebPage","@id":"https:\/\/old.elausys.com\/de\/2-allgemeine-verkaufsbedingungen\/","url":"https:\/\/old.elausys.com\/de\/2-allgemeine-verkaufsbedingungen\/","name":"Allgemeine Verkaufsbedingungen - Elausys","isPartOf":{"@id":"https:\/\/old.elausys.com\/de\/#website"},"datePublished":"2024-11-22T12:30:28+00:00","dateModified":"2024-12-05T12:55:57+00:00","breadcrumb":{"@id":"https:\/\/old.elausys.com\/de\/2-allgemeine-verkaufsbedingungen\/#breadcrumb"},"inLanguage":"de","potentialAction":[{"@type":"ReadAction","target":["https:\/\/old.elausys.com\/de\/2-allgemeine-verkaufsbedingungen\/"]}]},{"@type":"BreadcrumbList","@id":"https:\/\/old.elausys.com\/de\/2-allgemeine-verkaufsbedingungen\/#breadcrumb","itemListElement":[{"@type":"ListItem","position":1,"name":"Home","item":"https:\/\/old.elausys.com\/de\/"},{"@type":"ListItem","position":2,"name":"Allgemeine Verkaufsbedingungen"}]},{"@type":"WebSite","@id":"https:\/\/old.elausys.com\/de\/#website","url":"https:\/\/old.elausys.com\/de\/","name":"Elausys","description":"Your Partner in KNX Innovation","publisher":{"@id":"https:\/\/old.elausys.com\/de\/#organization"},"potentialAction":[{"@type":"SearchAction","target":{"@type":"EntryPoint","urlTemplate":"https:\/\/old.elausys.com\/de\/?s={search_term_string}"},"query-input":{"@type":"PropertyValueSpecification","valueRequired":true,"valueName":"search_term_string"}}],"inLanguage":"de"},{"@type":"Organization","@id":"https:\/\/old.elausys.com\/de\/#organization","name":"Elausys","url":"https:\/\/old.elausys.com\/de\/","logo":{"@type":"ImageObject","inLanguage":"de","@id":"https:\/\/old.elausys.com\/de\/#\/schema\/logo\/image\/","url":"https:\/\/elausys.com\/wp-content\/uploads\/2024\/12\/ELAUSYS-LOGO-2000pxl.jpg","contentUrl":"https:\/\/elausys.com\/wp-content\/uploads\/2024\/12\/ELAUSYS-LOGO-2000pxl.jpg","width":2000,"height":689,"caption":"Elausys"},"image":{"@id":"https:\/\/old.elausys.com\/de\/#\/schema\/logo\/image\/"},"sameAs":["https:\/\/www.facebook.com\/elausys\/","https:\/\/www.linkedin.com\/company\/elausys-sprl","https:\/\/www.instagram.com\/elausys_knx\/"]}]}},"_links":{"self":[{"href":"https:\/\/old.elausys.com\/de\/wp-json\/wp\/v2\/pages\/9714","targetHints":{"allow":["GET"]}}],"collection":[{"href":"https:\/\/old.elausys.com\/de\/wp-json\/wp\/v2\/pages"}],"about":[{"href":"https:\/\/old.elausys.com\/de\/wp-json\/wp\/v2\/types\/page"}],"author":[{"embeddable":true,"href":"https:\/\/old.elausys.com\/de\/wp-json\/wp\/v2\/users\/2"}],"replies":[{"embeddable":true,"href":"https:\/\/old.elausys.com\/de\/wp-json\/wp\/v2\/comments?post=9714"}],"version-history":[{"count":0,"href":"https:\/\/old.elausys.com\/de\/wp-json\/wp\/v2\/pages\/9714\/revisions"}],"wp:attachment":[{"href":"https:\/\/old.elausys.com\/de\/wp-json\/wp\/v2\/media?parent=9714"}],"curies":[{"name":"wp","href":"https:\/\/api.w.org\/{rel}","templated":true}]}}